{"id":16,"date":"2025-12-27T11:44:42","date_gmt":"2025-12-27T11:44:42","guid":{"rendered":"https:\/\/u-izradi.com\/aquadesign\/?page_id=16"},"modified":"2026-01-26T13:35:12","modified_gmt":"2026-01-26T13:35:12","slug":"odrzavanje-bazena","status":"publish","type":"page","link":"https:\/\/u-izradi.com\/aquadesign\/odrzavanje-bazena\/","title":{"rendered":"Odr\u017eavanje bazena"},"content":{"rendered":"<p><div class=\"fusion-fullwidth fullwidth-box fusion-builder-row-1 fusion-flex-container has-pattern-background has-mask-background fusion-parallax-none nonhundred-percent-fullwidth non-hundred-percent-height-scrolling\" style=\"--awb-border-radius-top-left:0px;--awb-border-radius-top-right:0px;--awb-border-radius-bottom-right:0px;--awb-border-radius-bottom-left:0px;--awb-padding-top:250px;--awb-padding-bottom:250px;--awb-padding-bottom-small:100px;--awb-background-image:linear-gradient(180deg, rgba(36,55,77,0.63) 0%,rgba(36,55,77,0.5) 100%),url(https:\/\/u-izradi.com\/aquadesign\/wp-content\/uploads\/2026\/01\/odrzavanje-bazena.webp);;--awb-background-size:cover;--awb-flex-wrap:wrap;\" ><div class=\"fusion-builder-row fusion-row fusion-flex-align-items-flex-start fusion-flex-content-wrap\" style=\"max-width:1248px;margin-left: calc(-4% \/ 2 );margin-right: calc(-4% \/ 2 );\"><div class=\"fusion-layout-column fusion_builder_column fusion-builder-column-0 fusion_builder_column_2_3 2_3 fusion-flex-column\" style=\"--awb-bg-size:cover;--awb-width-large:66.666666666667%;--awb-margin-top-large:0px;--awb-spacing-right-large:2.88%;--awb-margin-bottom-large:20px;--awb-spacing-left-large:2.88%;--awb-width-medium:66.666666666667%;--awb-order-medium:0;--awb-spacing-right-medium:2.88%;--awb-spacing-left-medium:2.88%;--awb-width-small:100%;--awb-order-small:0;--awb-spacing-right-small:1.92%;--awb-spacing-left-small:1.92%;\"><div class=\"fusion-column-wrapper fusion-column-has-shadow fusion-flex-justify-content-flex-start fusion-content-layout-column\"><div class=\"fusion-title title fusion-title-1 fusion-sep-none fusion-title-text fusion-title-size-one\" style=\"--awb-text-color:var(--awb-color1);--awb-font-size:46px;\"><h1 class=\"fusion-title-heading title-heading-left\" style=\"font-family:&quot;Instrument Sans&quot;;font-style:normal;font-weight:700;margin:0;font-size:1em;\">Odr\u017eavanje bazena<\/h1><\/div><div class=\"fusion-text fusion-text-1\" style=\"--awb-font-size:20px;--awb-text-color:var(--awb-color1);\"><p>Redovito odr\u017eavanje osigurava \u010distu vodu, pouzdan rad opreme i bezbri\u017eno kori\u0161tenje bazena tijekom cijele sezone<\/p>\n<\/div><\/div><\/div><\/div><\/div><div class=\"fusion-fullwidth fullwidth-box fusion-builder-row-2 fusion-flex-container has-pattern-background has-mask-background nonhundred-percent-fullwidth non-hundred-percent-height-scrolling\" style=\"--awb-border-radius-top-left:0px;--awb-border-radius-top-right:0px;--awb-border-radius-bottom-right:0px;--awb-border-radius-bottom-left:0px;--awb-padding-top:50px;--awb-padding-bottom:0px;--awb-margin-bottom:-20px;--awb-background-color:var(--awb-color6);--awb-flex-wrap:wrap;\" ><div class=\"fusion-builder-row fusion-row fusion-flex-align-items-center fusion-flex-content-wrap\" style=\"max-width:1248px;margin-left: calc(-4% \/ 2 );margin-right: calc(-4% \/ 2 );\"><div class=\"fusion-layout-column fusion_builder_column fusion-builder-column-1 fusion_builder_column_1_2 1_2 fusion-flex-column\" style=\"--awb-bg-size:cover;--awb-width-large:50%;--awb-margin-top-large:0px;--awb-spacing-right-large:3.84%;--awb-margin-bottom-large:20px;--awb-spacing-left-large:3.84%;--awb-width-medium:50%;--awb-order-medium:0;--awb-spacing-right-medium:3.84%;--awb-spacing-left-medium:3.84%;--awb-width-small:100%;--awb-order-small:0;--awb-spacing-right-small:1.92%;--awb-spacing-left-small:1.92%;\"><div class=\"fusion-column-wrapper fusion-column-has-shadow fusion-flex-justify-content-flex-start fusion-content-layout-column\"><div class=\"fusion-title title fusion-title-2 fusion-sep-none fusion-title-text fusion-title-size-three\" style=\"--awb-text-color:var(--awb-color5);\"><h3 class=\"fusion-title-heading title-heading-left\" style=\"margin:0;\">Redovita briga o vodi i bazenskom sustavu<\/h3><\/div><div class=\"fusion-text fusion-text-2\" style=\"--awb-text-color:var(--awb-color1);\"><p>Odr\u017eavanje bazena bitan je dio dugotrajnog i sigurnog kori\u0161tenja bazenskog sustava. Redovita briga o vodi i opremi <strong>osigurava stabilnu kvalitetu vode,<\/strong> sprje\u010dava tehni\u010dke probleme i <strong>produ\u017euje vijek trajanja svih ugra\u0111enih komponenti<\/strong>. Pravilno odr\u017eavan bazen ne zahtijeva stalne intervencije, ve\u0107 funkcionira pouzdano i bez neugodnih iznena\u0111enja.<\/p>\n<p>Sredi\u0161nji dio odr\u017eavanja odnosi se na kontrolu i balansiranje vode. <strong>Pra\u0107enje pH vrijednosti<\/strong>, d<strong>ezinfekcije i \u010disto\u0107e vode<\/strong> nu\u017eno je kako bi bazen ostao siguran za kori\u0161tenje. Sustavi filtracije, pumpe i filteri moraju raditi u skladu s kapacitetom bazena, jer upravo oni uklanjaju ne\u010disto\u0107e i osiguravaju ujedna\u010denu cirkulaciju vode.<\/p>\n<p>Redovito \u010di\u0161\u0107enje skimmera, ko\u0161arica i filtera sprje\u010dava optere\u0107enje sustava i smanjuje potro\u0161nju energije.<\/p>\n<\/div><\/div><\/div><div class=\"fusion-layout-column fusion_builder_column fusion-builder-column-2 fusion_builder_column_1_2 1_2 fusion-flex-column\" style=\"--awb-bg-size:cover;--awb-width-large:50%;--awb-margin-top-large:0px;--awb-spacing-right-large:3.84%;--awb-margin-bottom-large:20px;--awb-spacing-left-large:3.84%;--awb-width-medium:50%;--awb-order-medium:0;--awb-spacing-right-medium:3.84%;--awb-spacing-left-medium:3.84%;--awb-width-small:100%;--awb-order-small:0;--awb-spacing-right-small:1.92%;--awb-spacing-left-small:1.92%;\"><div class=\"fusion-column-wrapper fusion-column-has-shadow fusion-flex-justify-content-flex-start fusion-content-layout-column\"><div class=\"fusion-image-element \" style=\"--awb-mask-url: url(https:\/\/u-izradi.com\/aquadesign\/wp-content\/uploads\/2026\/01\/layer-mask-04.png);--awb-caption-title-font-family:var(--h2_typography-font-family);--awb-caption-title-font-weight:var(--h2_typography-font-weight);--awb-caption-title-font-style:var(--h2_typography-font-style);--awb-caption-title-size:var(--h2_typography-font-size);--awb-caption-title-transform:var(--h2_typography-text-transform);--awb-caption-title-line-height:var(--h2_typography-line-height);--awb-caption-title-letter-spacing:var(--h2_typography-letter-spacing);\"><span class=\" fusion-imageframe imageframe-none imageframe-1 hover-type-none has-mask\"><img decoding=\"async\" width=\"800\" height=\"800\" alt=\"Redovita briga o bazenu\" title=\"odrzavanje bazena banner 2\" src=\"https:\/\/u-izradi.com\/aquadesign\/wp-content\/uploads\/2026\/01\/odrzavanje-bazena-banner-2.webp\" class=\"img-responsive wp-image-294\" srcset=\"https:\/\/u-izradi.com\/aquadesign\/wp-content\/uploads\/2026\/01\/odrzavanje-bazena-banner-2-200x200.webp 200w, https:\/\/u-izradi.com\/aquadesign\/wp-content\/uploads\/2026\/01\/odrzavanje-bazena-banner-2-400x400.webp 400w, https:\/\/u-izradi.com\/aquadesign\/wp-content\/uploads\/2026\/01\/odrzavanje-bazena-banner-2-600x600.webp 600w, https:\/\/u-izradi.com\/aquadesign\/wp-content\/uploads\/2026\/01\/odrzavanje-bazena-banner-2.webp 800w\" sizes=\"(max-width: 640px) 100vw, 600px\" \/><\/span><\/div><\/div><\/div><div class=\"fusion-layout-column fusion_builder_column fusion-builder-column-3 fusion_builder_column_1_1 1_1 fusion-flex-column\" style=\"--awb-bg-size:cover;--awb-width-large:100%;--awb-margin-top-large:0px;--awb-spacing-right-large:1.92%;--awb-margin-bottom-large:20px;--awb-spacing-left-large:1.92%;--awb-width-medium:100%;--awb-order-medium:0;--awb-spacing-right-medium:1.92%;--awb-spacing-left-medium:1.92%;--awb-width-small:100%;--awb-order-small:0;--awb-spacing-right-small:1.92%;--awb-spacing-left-small:1.92%;\"><div class=\"fusion-column-wrapper fusion-column-has-shadow fusion-flex-justify-content-flex-start fusion-content-layout-column\"><div class=\"fusion-section-separator section-separator slant fusion-section-separator-1\" style=\"--awb-spacer-height:60px;--awb-svg-margin-left:1.92%;--awb-svg-margin-right:1.92%;--awb-svg-margin-left-medium:1.92%;--awb-svg-margin-right-medium:1.92%;--awb-svg-margin-left-small:1.92%;--awb-svg-margin-right-small:1.92%;--awb-divider-height:60px;--awb-spacer-padding-top:inherit;--awb-sep-padding:0;--awb-svg-padding:0;--awb-svg-tag-margin-bottom:-3px;--awb-sep-svg-display:block;--awb-margin-bottom:-5px;\"><div class=\"fusion-section-separator-svg\"><svg class=\"fusion-slant-candy\" xmlns=\"http:\/\/www.w3.org\/2000\/svg\" version=\"1.1\" width=\"100%\" height=\"100\" viewBox=\"0 0 100 100\" preserveAspectRatio=\"none\" fill=\"rgba(255,255,255,1)\"><path d=\"M100 0 L0 100 L101 100 Z\"><\/path><\/svg><\/div><div class=\"fusion-section-separator-spacer\"><div class=\"fusion-section-separator-spacer-height\"><\/div><\/div><\/div><\/div><\/div><\/div><\/div><div class=\"fusion-fullwidth fullwidth-box fusion-builder-row-3 fusion-flex-container has-pattern-background has-mask-background nonhundred-percent-fullwidth non-hundred-percent-height-scrolling\" style=\"--awb-border-radius-top-left:0px;--awb-border-radius-top-right:0px;--awb-border-radius-bottom-right:0px;--awb-border-radius-bottom-left:0px;--awb-padding-top:50px;--awb-background-color:var(--awb-color1);--awb-flex-wrap:wrap;\" ><div class=\"fusion-builder-row fusion-row fusion-flex-align-items-center fusion-flex-justify-content-center fusion-flex-content-wrap\" style=\"max-width:1248px;margin-left: calc(-4% \/ 2 );margin-right: calc(-4% \/ 2 );\"><div class=\"fusion-layout-column fusion_builder_column fusion-builder-column-4 fusion_builder_column_1_2 1_2 fusion-flex-column\" style=\"--awb-bg-size:cover;--awb-width-large:50%;--awb-margin-top-large:0px;--awb-spacing-right-large:3.84%;--awb-margin-bottom-large:20px;--awb-spacing-left-large:3.84%;--awb-width-medium:50%;--awb-order-medium:0;--awb-spacing-right-medium:3.84%;--awb-spacing-left-medium:3.84%;--awb-width-small:100%;--awb-order-small:0;--awb-spacing-right-small:1.92%;--awb-spacing-left-small:1.92%;\"><div class=\"fusion-column-wrapper fusion-column-has-shadow fusion-flex-justify-content-flex-start fusion-content-layout-column\"><div class=\"fusion-image-element \" style=\"--awb-mask-url: url(https:\/\/u-izradi.com\/aquadesign\/wp-content\/plugins\/fusion-builder\/\/assets\/images\/masks\/mask-17.svg);--awb-caption-title-font-family:var(--h2_typography-font-family);--awb-caption-title-font-weight:var(--h2_typography-font-weight);--awb-caption-title-font-style:var(--h2_typography-font-style);--awb-caption-title-size:var(--h2_typography-font-size);--awb-caption-title-transform:var(--h2_typography-text-transform);--awb-caption-title-line-height:var(--h2_typography-line-height);--awb-caption-title-letter-spacing:var(--h2_typography-letter-spacing);\"><span class=\" fusion-imageframe imageframe-none imageframe-2 hover-type-none has-mask\"><img decoding=\"async\" width=\"800\" height=\"800\" alt=\"odr\u017eavanje bazena\" title=\"odrzavanje bazena\" src=\"https:\/\/u-izradi.com\/aquadesign\/wp-content\/uploads\/2026\/01\/odrzavanje-bazena-1.webp\" class=\"img-responsive wp-image-406\" srcset=\"https:\/\/u-izradi.com\/aquadesign\/wp-content\/uploads\/2026\/01\/odrzavanje-bazena-1-200x200.webp 200w, https:\/\/u-izradi.com\/aquadesign\/wp-content\/uploads\/2026\/01\/odrzavanje-bazena-1-400x400.webp 400w, https:\/\/u-izradi.com\/aquadesign\/wp-content\/uploads\/2026\/01\/odrzavanje-bazena-1-600x600.webp 600w, https:\/\/u-izradi.com\/aquadesign\/wp-content\/uploads\/2026\/01\/odrzavanje-bazena-1.webp 800w\" sizes=\"(max-width: 640px) 100vw, 600px\" \/><\/span><\/div><\/div><\/div><div class=\"fusion-layout-column fusion_builder_column fusion-builder-column-5 fusion_builder_column_1_2 1_2 fusion-flex-column\" style=\"--awb-bg-size:cover;--awb-width-large:50%;--awb-margin-top-large:0px;--awb-spacing-right-large:3.84%;--awb-margin-bottom-large:20px;--awb-spacing-left-large:3.84%;--awb-width-medium:50%;--awb-order-medium:0;--awb-spacing-right-medium:3.84%;--awb-spacing-left-medium:3.84%;--awb-width-small:100%;--awb-order-small:0;--awb-spacing-right-small:1.92%;--awb-spacing-left-small:1.92%;\"><div class=\"fusion-column-wrapper fusion-column-has-shadow fusion-flex-justify-content-flex-start fusion-content-layout-column\"><div class=\"fusion-title title fusion-title-3 fusion-sep-none fusion-title-text fusion-title-size-three\" style=\"--awb-text-color:var(--awb-color5);\"><h3 class=\"fusion-title-heading title-heading-left\" style=\"margin:0;\">Odr\u017eavanje opreme i dugoro\u010dna pouzdanost<\/h3><\/div><div class=\"fusion-text fusion-text-3\" style=\"--awb-text-color:var(--awb-color8);\"><p>Osim vode, va\u017eno je i odr\u017eavanje bazenske opreme te strojarnice. Vizualna kontrola instalacija, ventila i spojeva omogu\u0107uje pravovremeno uo\u010davanje nepravilnosti prije nego \u0161to prerastu u ve\u0107e kvarove. Sezonski pregledi, priprema bazena za zimu i ponovno pu\u0161tanje u rad u prolje\u0107e dio su odr\u017eavanja koji osigurava stabilan rad tijekom cijele godine.<\/p>\n<p>U sklopu odr\u017eavanja \u010desto se provodi i mehani\u010dko \u010di\u0161\u0107enje bazena, uklju\u010duju\u0107i dno, stijenke i vodenu liniju. Time se sprje\u010dava nakupljanje algi, kamenca i drugih naslaga koje mogu utjecati na izgled i funkcionalnost bazena. Redovitim odr\u017eavanjem bazen ostaje tehni\u010dki ispravan, vizualno uredan i spreman za kori\u0161tenje bez zastoja, uz minimalne tro\u0161kove i maksimalnu pouzdanost sustava.<\/p>\n<\/div><\/div><\/div><\/div><\/div><div class=\"fusion-fullwidth fullwidth-box fusion-builder-row-4 fusion-flex-container has-pattern-background has-mask-background nonhundred-percent-fullwidth non-hundred-percent-height-scrolling\" style=\"--awb-border-radius-top-left:0px;--awb-border-radius-top-right:0px;--awb-border-radius-bottom-right:0px;--awb-border-radius-bottom-left:0px;--awb-padding-top:40px;--awb-flex-wrap:wrap;\" ><div class=\"fusion-builder-row fusion-row fusion-flex-align-items-flex-start fusion-flex-content-wrap\" style=\"max-width:1248px;margin-left: calc(-4% \/ 2 );margin-right: calc(-4% \/ 2 );\"><div class=\"fusion-layout-column fusion_builder_column fusion-builder-column-6 fusion_builder_column_1_1 1_1 fusion-flex-column\" style=\"--awb-bg-size:cover;--awb-width-large:100%;--awb-margin-top-large:0px;--awb-spacing-right-large:1.92%;--awb-margin-bottom-large:20px;--awb-spacing-left-large:1.92%;--awb-width-medium:100%;--awb-order-medium:0;--awb-spacing-right-medium:1.92%;--awb-spacing-left-medium:1.92%;--awb-width-small:100%;--awb-order-small:0;--awb-spacing-right-small:1.92%;--awb-spacing-left-small:1.92%;\"><div class=\"fusion-column-wrapper fusion-column-has-shadow fusion-flex-justify-content-flex-start fusion-content-layout-column\"><div class=\"fusion-title title fusion-title-4 fusion-sep-none fusion-title-text fusion-title-size-three\" style=\"--awb-text-color:var(--awb-color5);\"><h3 class=\"fusion-title-heading title-heading-left\" style=\"margin:0;\">\u010cesta pitanja o odr\u017eavanju bazena<\/h3><\/div><style type=\"text\/css\">#accordian-1 .fusion-panel:hover,#accordian-1 .fusion-panel.hover{ background-color: var(--awb-color2) } #accordian-1 .fusion-panel { border-color:var(--awb-color5); border-width:1px; background-color:var(--awb-color1); }.fusion-accordian #accordian-1 .panel-title a .fa-fusion-box:before{ font-size: 16px;width: 16px;}.fusion-accordian #accordian-1 .panel-title a .fa-fusion-box{ color: var(--awb-color1);}.fusion-accordian  #accordian-1 .panel-title a{font-size:20px;font-family:var(--awb-typography1-font-family);font-weight:var(--awb-typography1-font-weight);font-style:var(--awb-typography1-font-style);}.fusion-accordian  #accordian-1 .panel-title a:not(:hover){}.fusion-accordian  #accordian-1 .toggle-content{font-size:18px;font-family:var(--awb-typography4-font-family);font-weight:var(--awb-typography4-font-weight);font-style:var(--awb-typography4-font-style);}.fusion-accordian #accordian-1 .fa-fusion-box { background-color: var(--awb-color7) !important;border-color: var(--awb-color7) !important;}.fusion-accordian #accordian-1 .panel-title a:hover,.fusion-accordian #accordian-1 .panel-title a.hover { color: var(--awb-color4);}.fusion-faq-shortcode .fusion-accordian #accordian-1 .fusion-toggle-boxed-mode:hover .panel-title a { color: var(--awb-color4);}.fusion-accordian #accordian-1 .panel-title .active .fa-fusion-box,.fusion-accordian #accordian-1 .panel-title a:hover .fa-fusion-box,.fusion-accordian #accordian-1 .panel-title a.hover .fa-fusion-box { background-color: var(--awb-color4)!important;border-color: var(--awb-color4)!important;}<\/style><div class=\"fusion-faq-shortcode\" style=\"\"><div class=\"fusion-faqs-wrapper\"><div class=\"accordian fusion-accordian\"><div class=\"panel-group \" id=\"accordian-1\"><div class=\"fusion-panel fusion-toggle-no-divider fusion-toggle-boxed-mode panel-default fusion-faq-post fusion-faq-post-381 odrzavanje-bazena \"><span class=\"entry-title rich-snippet-hidden\">Vr\u0161ite li usluge odr\u017eavanja bazena?<\/span><span class=\"vcard rich-snippet-hidden\"><span class=\"fn\"><a href=\"https:\/\/u-izradi.com\/aquadesign\/author\/filip\/\" title=\"Objave od: Filip\" rel=\"author\">Filip<\/a><\/span><\/span><span class=\"updated rich-snippet-hidden\">2026-01-23T08:09:55+00:00<\/span><div class=\"panel-heading\"><h4 id=\"faq_1-381\" class=\"panel-title toggle\"><a data-toggle=\"collapse\" class=\"collapsed\" data-parent=\"#accordian-1\" data-target=\"#collapse-1-381\" href=\"#collapse-1-381\" aria-expanded=\"false\"><div class=\"fusion-toggle-icon-wrapper\"><div class=\"fusion-toggle-icon-wrapper-main\"><div class=\"fusion-toggle-icon-wrapper-sub\"><i class=\"fa-fusion-box active-icon awb-icon-minus\" aria-hidden=\"true\"><\/i><i class=\"fa-fusion-box inactive-icon awb-icon-plus\" aria-hidden=\"true\"><\/i><\/div><\/div><\/div><div class=\"fusion-toggle-heading\">Vr\u0161ite li usluge odr\u017eavanja bazena?<\/div><\/a><\/h4><\/div><div id=\"collapse-1-381\" aria-labelledby=\"faq_1-381\" class=\"panel-collapse collapse\"><div class=\"panel-body toggle-content post-content\"><p>Da, vr\u0161imo usluge redovnog odr\u017eavanja i \u010di\u0161\u0107enja bazena. To uklju\u010duje \u010di\u0161\u0107enje bazenskih povr\u0161ina i vodene linije, odr\u017eavanje pH i tvrdo\u0107e vode unutar preporu\u010denih vrijednosti te eventualne zamjene dijelova bazena. Po potrebi vr\u0161imo ve\u0107e popravke te odr\u017eavanje i zamjenu elemenata strojarnice.<\/p>\n<\/div><\/div><\/div><div class=\"fusion-panel fusion-toggle-no-divider fusion-toggle-boxed-mode panel-default fusion-faq-post fusion-faq-post-397 odrzavanje-bazena \"><span class=\"entry-title rich-snippet-hidden\">Koliko \u010desto je potrebno odr\u017eavati bazen?<\/span><span class=\"vcard rich-snippet-hidden\"><span class=\"fn\"><a href=\"https:\/\/u-izradi.com\/aquadesign\/author\/filip\/\" title=\"Objave od: Filip\" rel=\"author\">Filip<\/a><\/span><\/span><span class=\"updated rich-snippet-hidden\">2026-01-23T08:17:58+00:00<\/span><div class=\"panel-heading\"><h4 id=\"faq_1-397\" class=\"panel-title toggle\"><a data-toggle=\"collapse\" class=\"collapsed\" data-parent=\"#accordian-1\" data-target=\"#collapse-1-397\" href=\"#collapse-1-397\" aria-expanded=\"false\"><div class=\"fusion-toggle-icon-wrapper\"><div class=\"fusion-toggle-icon-wrapper-main\"><div class=\"fusion-toggle-icon-wrapper-sub\"><i class=\"fa-fusion-box active-icon awb-icon-minus\" aria-hidden=\"true\"><\/i><i class=\"fa-fusion-box inactive-icon awb-icon-plus\" aria-hidden=\"true\"><\/i><\/div><\/div><\/div><div class=\"fusion-toggle-heading\">Koliko \u010desto je potrebno odr\u017eavati bazen?<\/div><\/a><\/h4><\/div><div id=\"collapse-1-397\" aria-labelledby=\"faq_1-397\" class=\"panel-collapse collapse\"><div class=\"panel-body toggle-content post-content\"><p>U\u010destalost odr\u017eavanja ovisi o veli\u010dini bazena, na\u010dinu kori\u0161tenja i sezoni. Tijekom kupali\u0161ne sezone preporu\u010duje se redovito tjedno odr\u017eavanje, dok su izvan sezone dovoljni povremeni pregledi i osnovna kontrola sustava. Redovita briga sprje\u010dava ve\u0107e kvarove i osigurava stabilnu kvalitetu vode.<\/p>\n<\/div><\/div><\/div><div class=\"fusion-panel fusion-toggle-no-divider fusion-toggle-boxed-mode panel-default fusion-faq-post fusion-faq-post-399 odrzavanje-bazena \"><span class=\"entry-title rich-snippet-hidden\">\u0160to sve uklju\u010duje redovno odr\u017eavanje bazena?<\/span><span class=\"vcard rich-snippet-hidden\"><span class=\"fn\"><a href=\"https:\/\/u-izradi.com\/aquadesign\/author\/filip\/\" title=\"Objave od: Filip\" rel=\"author\">Filip<\/a><\/span><\/span><span class=\"updated rich-snippet-hidden\">2026-01-23T08:18:19+00:00<\/span><div class=\"panel-heading\"><h4 id=\"faq_1-399\" class=\"panel-title toggle\"><a data-toggle=\"collapse\" class=\"collapsed\" data-parent=\"#accordian-1\" data-target=\"#collapse-1-399\" href=\"#collapse-1-399\" aria-expanded=\"false\"><div class=\"fusion-toggle-icon-wrapper\"><div class=\"fusion-toggle-icon-wrapper-main\"><div class=\"fusion-toggle-icon-wrapper-sub\"><i class=\"fa-fusion-box active-icon awb-icon-minus\" aria-hidden=\"true\"><\/i><i class=\"fa-fusion-box inactive-icon awb-icon-plus\" aria-hidden=\"true\"><\/i><\/div><\/div><\/div><div class=\"fusion-toggle-heading\">\u0160to sve uklju\u010duje redovno odr\u017eavanje bazena?<\/div><\/a><\/h4><\/div><div id=\"collapse-1-399\" aria-labelledby=\"faq_1-399\" class=\"panel-collapse collapse\"><div class=\"panel-body toggle-content post-content\"><p>Redovno odr\u017eavanje obuhva\u0107a kontrolu i balansiranje vode, \u010di\u0161\u0107enje bazenskih povr\u0161ina, skimmera i filtera, kao i provjeru rada pumpi i ostale opreme u strojarnici. Time se osigurava pravilan rad sustava, smanjuje potro\u0161nja energije i produ\u017euje vijek trajanja opreme.<\/p>\n<\/div><\/div><\/div><div class=\"fusion-panel fusion-toggle-no-divider fusion-toggle-boxed-mode panel-default fusion-faq-post fusion-faq-post-401 odrzavanje-bazena \"><span class=\"entry-title rich-snippet-hidden\">Pripremate li bazen za zimovanje i ponovno pu\u0161tanje u rad?<\/span><span class=\"vcard rich-snippet-hidden\"><span class=\"fn\"><a href=\"https:\/\/u-izradi.com\/aquadesign\/author\/filip\/\" title=\"Objave od: Filip\" rel=\"author\">Filip<\/a><\/span><\/span><span class=\"updated rich-snippet-hidden\">2026-01-23T08:19:02+00:00<\/span><div class=\"panel-heading\"><h4 id=\"faq_1-401\" class=\"panel-title toggle\"><a data-toggle=\"collapse\" class=\"collapsed\" data-parent=\"#accordian-1\" data-target=\"#collapse-1-401\" href=\"#collapse-1-401\" aria-expanded=\"false\"><div class=\"fusion-toggle-icon-wrapper\"><div class=\"fusion-toggle-icon-wrapper-main\"><div class=\"fusion-toggle-icon-wrapper-sub\"><i class=\"fa-fusion-box active-icon awb-icon-minus\" aria-hidden=\"true\"><\/i><i class=\"fa-fusion-box inactive-icon awb-icon-plus\" aria-hidden=\"true\"><\/i><\/div><\/div><\/div><div class=\"fusion-toggle-heading\">Pripremate li bazen za zimovanje i ponovno pu\u0161tanje u rad?<\/div><\/a><\/h4><\/div><div id=\"collapse-1-401\" aria-labelledby=\"faq_1-401\" class=\"panel-collapse collapse\"><div class=\"panel-body toggle-content post-content\"><p>Da, vr\u0161imo pripremu bazena za zimsku sezonu, kao i ponovno pu\u0161tanje bazena u rad u prolje\u0107e. Zimovanje uklju\u010duje za\u0161titu instalacija, strojarnice i vode od niskih temperatura, dok proljetno pu\u0161tanje osigurava siguran i ispravan po\u010detak nove sezone kupanja.<\/p>\n<\/div><\/div><\/div><\/div><\/div><\/div><\/div><\/div><\/div><\/div><\/div><\/p>\n","protected":false},"excerpt":{"rendered":"","protected":false},"author":1,"featured_media":0,"parent":0,"menu_order":0,"comment_status":"closed","ping_status":"closed","template":"100-width.php","meta":{"footnotes":""},"class_list":["post-16","page","type-page","status-publish","hentry"],"_links":{"self":[{"href":"https:\/\/u-izradi.com\/aquadesign\/wp-json\/wp\/v2\/pages\/16","targetHints":{"allow":["GET"]}}],"collection":[{"href":"https:\/\/u-izradi.com\/aquadesign\/wp-json\/wp\/v2\/pages"}],"about":[{"href":"https:\/\/u-izradi.com\/aquadesign\/wp-json\/wp\/v2\/types\/page"}],"author":[{"embeddable":true,"href":"https:\/\/u-izradi.com\/aquadesign\/wp-json\/wp\/v2\/users\/1"}],"replies":[{"embeddable":true,"href":"https:\/\/u-izradi.com\/aquadesign\/wp-json\/wp\/v2\/comments?post=16"}],"version-history":[{"count":22,"href":"https:\/\/u-izradi.com\/aquadesign\/wp-json\/wp\/v2\/pages\/16\/revisions"}],"predecessor-version":[{"id":410,"href":"https:\/\/u-izradi.com\/aquadesign\/wp-json\/wp\/v2\/pages\/16\/revisions\/410"}],"wp:attachment":[{"href":"https:\/\/u-izradi.com\/aquadesign\/wp-json\/wp\/v2\/media?parent=16"}],"curies":[{"name":"wp","href":"https:\/\/api.w.org\/{rel}","templated":true}]}}