{"id":14,"date":"2025-12-27T11:44:28","date_gmt":"2025-12-27T11:44:28","guid":{"rendered":"https:\/\/u-izradi.com\/aquadesign\/?page_id=14"},"modified":"2026-01-23T08:16:00","modified_gmt":"2026-01-23T08:16:00","slug":"gradnja-bazena","status":"publish","type":"page","link":"https:\/\/u-izradi.com\/aquadesign\/gradnja-bazena\/","title":{"rendered":"Gradnja bazena"},"content":{"rendered":"<p><div class=\"fusion-fullwidth fullwidth-box fusion-builder-row-1 fusion-flex-container has-pattern-background has-mask-background fusion-parallax-none nonhundred-percent-fullwidth non-hundred-percent-height-scrolling\" style=\"--awb-border-radius-top-left:0px;--awb-border-radius-top-right:0px;--awb-border-radius-bottom-right:0px;--awb-border-radius-bottom-left:0px;--awb-padding-top:250px;--awb-padding-bottom:250px;--awb-padding-bottom-small:100px;--awb-background-image:linear-gradient(91deg, var(--awb-color4) 0%,rgba(36,55,77,0.5) 100%),url(https:\/\/u-izradi.com\/aquadesign\/wp-content\/uploads\/2026\/01\/gradnja-bazena-.webp);;--awb-background-size:cover;--awb-flex-wrap:wrap;\" ><div class=\"fusion-builder-row fusion-row fusion-flex-align-items-flex-start fusion-flex-content-wrap\" style=\"max-width:1248px;margin-left: calc(-4% \/ 2 );margin-right: calc(-4% \/ 2 );\"><div class=\"fusion-layout-column fusion_builder_column fusion-builder-column-0 fusion_builder_column_2_3 2_3 fusion-flex-column\" style=\"--awb-bg-size:cover;--awb-width-large:66.666666666667%;--awb-margin-top-large:0px;--awb-spacing-right-large:2.88%;--awb-margin-bottom-large:20px;--awb-spacing-left-large:2.88%;--awb-width-medium:66.666666666667%;--awb-order-medium:0;--awb-spacing-right-medium:2.88%;--awb-spacing-left-medium:2.88%;--awb-width-small:100%;--awb-order-small:0;--awb-spacing-right-small:1.92%;--awb-spacing-left-small:1.92%;\"><div class=\"fusion-column-wrapper fusion-column-has-shadow fusion-flex-justify-content-flex-start fusion-content-layout-column\"><div class=\"fusion-title title fusion-title-1 fusion-sep-none fusion-title-text fusion-title-size-one\" style=\"--awb-text-color:var(--awb-color1);--awb-font-size:46px;\"><h1 class=\"fusion-title-heading title-heading-left\" style=\"font-family:&quot;Instrument Sans&quot;;font-style:normal;font-weight:700;margin:0;font-size:1em;\">Gradnja bazena<\/h1><\/div><div class=\"fusion-text fusion-text-1\" style=\"--awb-font-size:20px;--awb-text-color:var(--awb-color1);\"><p>Kvalitetni materijali, pouzdana bazenska tehnika i estetska rje\u0161enja za bazene.<\/p>\n<\/div><\/div><\/div><\/div><\/div><div class=\"fusion-fullwidth fullwidth-box fusion-builder-row-2 fusion-flex-container has-pattern-background has-mask-background nonhundred-percent-fullwidth non-hundred-percent-height-scrolling\" style=\"--awb-border-radius-top-left:0px;--awb-border-radius-top-right:0px;--awb-border-radius-bottom-right:0px;--awb-border-radius-bottom-left:0px;--awb-padding-top:50px;--awb-padding-bottom:0px;--awb-margin-bottom:-20px;--awb-background-color:var(--awb-color6);--awb-flex-wrap:wrap;\" ><div class=\"fusion-builder-row fusion-row fusion-flex-align-items-center fusion-flex-content-wrap\" style=\"max-width:1248px;margin-left: calc(-4% \/ 2 );margin-right: calc(-4% \/ 2 );\"><div class=\"fusion-layout-column fusion_builder_column fusion-builder-column-1 fusion_builder_column_1_2 1_2 fusion-flex-column\" style=\"--awb-bg-size:cover;--awb-width-large:50%;--awb-margin-top-large:0px;--awb-spacing-right-large:3.84%;--awb-margin-bottom-large:20px;--awb-spacing-left-large:3.84%;--awb-width-medium:50%;--awb-order-medium:0;--awb-spacing-right-medium:3.84%;--awb-spacing-left-medium:3.84%;--awb-width-small:100%;--awb-order-small:0;--awb-spacing-right-small:1.92%;--awb-spacing-left-small:1.92%;\"><div class=\"fusion-column-wrapper fusion-column-has-shadow fusion-flex-justify-content-flex-start fusion-content-layout-column\"><div class=\"fusion-title title fusion-title-2 fusion-sep-none fusion-title-text fusion-title-size-three\" style=\"--awb-text-color:var(--awb-color5);\"><h3 class=\"fusion-title-heading title-heading-left\" style=\"margin:0;\">Strojarnice i bazenska oprema<\/h3><\/div><div class=\"fusion-text fusion-text-2\" style=\"--awb-text-color:var(--awb-color1);\"><p>Tvrtka Aquadesign specijalizirana je za gradnju i opremanje bazena s naglaskom na tehni\u010dku pouzdanost i dugoro\u010dnu funkcionalnost. Fokus je na onim dijelovima koji bazen \u010dine sigurnim, stabilnim i jednostavnim za kori\u0161tenje, prije svega na <b>bazenskoj tehnici, strojarnicama<\/b> i zavr\u0161nim oblogama. Upravo ti elementi imaju najve\u0107i utjecaj na kvalitetu vode, potro\u0161nju energije i svakodnevno iskustvo kori\u0161tenja bazena.<\/p>\n<p>Zato pristupamo svakom projektu promi\u0161ljeno, s ciljem da sustav radi pouzdano, bez nepotrebnih zastoja i komplikacija.<br \/>\nSredi\u0161nji dio svakog bazena je strojarnica, jer upravlja protokom vode i procesom filtracije. Cirkulacijske pumpe, ventili i pje\u0161\u010dani filteri biraju se prema zapremnini bazena, \u010dime se posti\u017ee optimalan rad sustava i ujedna\u010dena kvaliteta vode.<\/p>\n<\/div><\/div><\/div><div class=\"fusion-layout-column fusion_builder_column fusion-builder-column-2 fusion_builder_column_1_2 1_2 fusion-flex-column\" style=\"--awb-bg-size:cover;--awb-width-large:50%;--awb-margin-top-large:0px;--awb-spacing-right-large:3.84%;--awb-margin-bottom-large:20px;--awb-spacing-left-large:3.84%;--awb-width-medium:50%;--awb-order-medium:0;--awb-spacing-right-medium:3.84%;--awb-spacing-left-medium:3.84%;--awb-width-small:100%;--awb-order-small:0;--awb-spacing-right-small:1.92%;--awb-spacing-left-small:1.92%;\"><div class=\"fusion-column-wrapper fusion-column-has-shadow fusion-flex-justify-content-flex-start fusion-content-layout-column\"><div class=\"fusion-image-element \" style=\"--awb-caption-title-font-family:var(--h2_typography-font-family);--awb-caption-title-font-weight:var(--h2_typography-font-weight);--awb-caption-title-font-style:var(--h2_typography-font-style);--awb-caption-title-size:var(--h2_typography-font-size);--awb-caption-title-transform:var(--h2_typography-text-transform);--awb-caption-title-line-height:var(--h2_typography-line-height);--awb-caption-title-letter-spacing:var(--h2_typography-letter-spacing);\"><span class=\" fusion-imageframe imageframe-none imageframe-1 hover-type-none\"><img decoding=\"async\" width=\"800\" height=\"800\" alt=\"strojarnica bazena\" title=\"strojarnica bazena\" src=\"https:\/\/u-izradi.com\/aquadesign\/wp-content\/uploads\/2026\/01\/strojarnica-bazena.webp\" class=\"img-responsive wp-image-269\" srcset=\"https:\/\/u-izradi.com\/aquadesign\/wp-content\/uploads\/2026\/01\/strojarnica-bazena-200x200.webp 200w, https:\/\/u-izradi.com\/aquadesign\/wp-content\/uploads\/2026\/01\/strojarnica-bazena-400x400.webp 400w, https:\/\/u-izradi.com\/aquadesign\/wp-content\/uploads\/2026\/01\/strojarnica-bazena-600x600.webp 600w, https:\/\/u-izradi.com\/aquadesign\/wp-content\/uploads\/2026\/01\/strojarnica-bazena.webp 800w\" sizes=\"(max-width: 640px) 100vw, 600px\" \/><\/span><\/div><\/div><\/div><div class=\"fusion-layout-column fusion_builder_column fusion-builder-column-3 fusion_builder_column_1_1 1_1 fusion-flex-column\" style=\"--awb-bg-size:cover;--awb-width-large:100%;--awb-margin-top-large:0px;--awb-spacing-right-large:1.92%;--awb-margin-bottom-large:20px;--awb-spacing-left-large:1.92%;--awb-width-medium:100%;--awb-order-medium:0;--awb-spacing-right-medium:1.92%;--awb-spacing-left-medium:1.92%;--awb-width-small:100%;--awb-order-small:0;--awb-spacing-right-small:1.92%;--awb-spacing-left-small:1.92%;\"><div class=\"fusion-column-wrapper fusion-column-has-shadow fusion-flex-justify-content-flex-start fusion-content-layout-column\"><div class=\"fusion-section-separator section-separator slant fusion-section-separator-1\" style=\"--awb-spacer-height:60px;--awb-svg-margin-left:1.92%;--awb-svg-margin-right:1.92%;--awb-svg-margin-left-medium:1.92%;--awb-svg-margin-right-medium:1.92%;--awb-svg-margin-left-small:1.92%;--awb-svg-margin-right-small:1.92%;--awb-divider-height:60px;--awb-spacer-padding-top:inherit;--awb-sep-padding:0;--awb-svg-padding:0;--awb-svg-tag-margin-bottom:-3px;--awb-sep-svg-display:block;--awb-margin-bottom:-5px;\"><div class=\"fusion-section-separator-svg\"><svg class=\"fusion-slant-candy\" xmlns=\"http:\/\/www.w3.org\/2000\/svg\" version=\"1.1\" width=\"100%\" height=\"100\" viewBox=\"0 0 100 100\" preserveAspectRatio=\"none\" fill=\"rgba(255,255,255,1)\"><path d=\"M100 0 L0 100 L101 100 Z\"><\/path><\/svg><\/div><div class=\"fusion-section-separator-spacer\"><div class=\"fusion-section-separator-spacer-height\"><\/div><\/div><\/div><\/div><\/div><\/div><\/div><div class=\"fusion-fullwidth fullwidth-box fusion-builder-row-3 fusion-flex-container has-pattern-background has-mask-background nonhundred-percent-fullwidth non-hundred-percent-height-scrolling\" style=\"--awb-border-radius-top-left:0px;--awb-border-radius-top-right:0px;--awb-border-radius-bottom-right:0px;--awb-border-radius-bottom-left:0px;--awb-padding-top:50px;--awb-background-color:var(--awb-color1);--awb-flex-wrap:wrap;\" ><div class=\"fusion-builder-row fusion-row fusion-flex-align-items-center fusion-flex-justify-content-center fusion-flex-content-wrap\" style=\"max-width:1248px;margin-left: calc(-4% \/ 2 );margin-right: calc(-4% \/ 2 );\"><div class=\"fusion-layout-column fusion_builder_column fusion-builder-column-4 fusion_builder_column_1_2 1_2 fusion-flex-column\" style=\"--awb-bg-size:cover;--awb-width-large:50%;--awb-margin-top-large:0px;--awb-spacing-right-large:3.84%;--awb-margin-bottom-large:20px;--awb-spacing-left-large:3.84%;--awb-width-medium:50%;--awb-order-medium:0;--awb-spacing-right-medium:3.84%;--awb-spacing-left-medium:3.84%;--awb-width-small:100%;--awb-order-small:0;--awb-spacing-right-small:1.92%;--awb-spacing-left-small:1.92%;\"><div class=\"fusion-column-wrapper fusion-column-has-shadow fusion-flex-justify-content-flex-start fusion-content-layout-column\"><div class=\"fusion-image-element \" style=\"--awb-caption-title-font-family:var(--h2_typography-font-family);--awb-caption-title-font-weight:var(--h2_typography-font-weight);--awb-caption-title-font-style:var(--h2_typography-font-style);--awb-caption-title-size:var(--h2_typography-font-size);--awb-caption-title-transform:var(--h2_typography-text-transform);--awb-caption-title-line-height:var(--h2_typography-line-height);--awb-caption-title-letter-spacing:var(--h2_typography-letter-spacing);\"><span class=\" fusion-imageframe imageframe-none imageframe-2 hover-type-none\"><img decoding=\"async\" width=\"800\" height=\"800\" alt=\"bazen dizalica topline\" title=\"bazen dizalica topline\" src=\"https:\/\/u-izradi.com\/aquadesign\/wp-content\/uploads\/2026\/01\/bazen-dizalica-topline.webp\" class=\"img-responsive wp-image-258\" srcset=\"https:\/\/u-izradi.com\/aquadesign\/wp-content\/uploads\/2026\/01\/bazen-dizalica-topline-200x200.webp 200w, https:\/\/u-izradi.com\/aquadesign\/wp-content\/uploads\/2026\/01\/bazen-dizalica-topline-400x400.webp 400w, https:\/\/u-izradi.com\/aquadesign\/wp-content\/uploads\/2026\/01\/bazen-dizalica-topline-600x600.webp 600w, https:\/\/u-izradi.com\/aquadesign\/wp-content\/uploads\/2026\/01\/bazen-dizalica-topline.webp 800w\" sizes=\"(max-width: 640px) 100vw, 600px\" \/><\/span><\/div><\/div><\/div><div class=\"fusion-layout-column fusion_builder_column fusion-builder-column-5 fusion_builder_column_1_2 1_2 fusion-flex-column\" style=\"--awb-bg-size:cover;--awb-width-large:50%;--awb-margin-top-large:0px;--awb-spacing-right-large:3.84%;--awb-margin-bottom-large:20px;--awb-spacing-left-large:3.84%;--awb-width-medium:50%;--awb-order-medium:0;--awb-spacing-right-medium:3.84%;--awb-spacing-left-medium:3.84%;--awb-width-small:100%;--awb-order-small:0;--awb-spacing-right-small:1.92%;--awb-spacing-left-small:1.92%;\"><div class=\"fusion-column-wrapper fusion-column-has-shadow fusion-flex-justify-content-flex-start fusion-content-layout-column\"><div class=\"fusion-title title fusion-title-3 fusion-sep-none fusion-title-text fusion-title-size-three\" style=\"--awb-text-color:var(--awb-color5);\"><h3 class=\"fusion-title-heading title-heading-left\" style=\"margin:0;\">Grijanje, dezinfekcija i zavr\u0161ni detalji bazena<\/h3><\/div><div class=\"fusion-text fusion-text-3\" style=\"--awb-text-color:var(--awb-color8);\"><p>Osim toga, po potrebi se ugra\u0111uje grijanje bazenske vode putem dizalica topline, \u0161to omogu\u0107uje kori\u0161tenje bazena i izvan glavne sezone. Tako\u0111er, sustavi elektrolize soli nude prirodniji na\u010din dezinfekcije vode, smanjuju upotrebu klasi\u010dnog klora i stvaraju ugodnije okru\u017eenje za djecu i osobe osjetljive ko\u017ee.<\/p>\n<p>Uz tehni\u010dki dio, nudimo i zavr\u0161na rje\u0161enja koja zaokru\u017euju izgled bazena. Stakleni mozaik koristi se kao estetska opcija za klijente koji \u017eele dodatni vizualni naglasak, bez utjecaja na funkcionalnost sustava. Mozaik se uklapa u dizajn bazena i prostoru daje osobni karakter. Kombinacijom kvalitetne bazenske tehnike, provjerene opreme i pa\u017eljivo odabranih obloga, isporu\u010dujemo bazene koji su dugotrajni, jednostavni za odr\u017eavanje i ugodni za svakodnevno kori\u0161tenje.<\/p>\n<\/div><\/div><\/div><\/div><\/div><div class=\"fusion-fullwidth fullwidth-box fusion-builder-row-4 fusion-flex-container has-pattern-background has-mask-background nonhundred-percent-fullwidth non-hundred-percent-height-scrolling\" style=\"--awb-border-radius-top-left:0px;--awb-border-radius-top-right:0px;--awb-border-radius-bottom-right:0px;--awb-border-radius-bottom-left:0px;--awb-padding-top:40px;--awb-flex-wrap:wrap;\" ><div class=\"fusion-builder-row fusion-row fusion-flex-align-items-flex-start fusion-flex-content-wrap\" style=\"max-width:1248px;margin-left: calc(-4% \/ 2 );margin-right: calc(-4% \/ 2 );\"><div class=\"fusion-layout-column fusion_builder_column fusion-builder-column-6 fusion_builder_column_1_1 1_1 fusion-flex-column\" style=\"--awb-bg-size:cover;--awb-width-large:100%;--awb-margin-top-large:0px;--awb-spacing-right-large:1.92%;--awb-margin-bottom-large:20px;--awb-spacing-left-large:1.92%;--awb-width-medium:100%;--awb-order-medium:0;--awb-spacing-right-medium:1.92%;--awb-spacing-left-medium:1.92%;--awb-width-small:100%;--awb-order-small:0;--awb-spacing-right-small:1.92%;--awb-spacing-left-small:1.92%;\"><div class=\"fusion-column-wrapper fusion-column-has-shadow fusion-flex-justify-content-flex-start fusion-content-layout-column\"><div class=\"fusion-title title fusion-title-4 fusion-sep-none fusion-title-text fusion-title-size-three\" style=\"--awb-text-color:var(--awb-color5);\"><h3 class=\"fusion-title-heading title-heading-left\" style=\"margin:0;\">\u010cesta pitanja o gradnji bazena<\/h3><\/div><style type=\"text\/css\">#accordian-1 .fusion-panel:hover,#accordian-1 .fusion-panel.hover{ background-color: var(--awb-color2) } #accordian-1 .fusion-panel { border-color:var(--awb-color5); border-width:1px; background-color:var(--awb-color1); }.fusion-accordian #accordian-1 .panel-title a .fa-fusion-box:before{ font-size: 16px;width: 16px;}.fusion-accordian #accordian-1 .panel-title a .fa-fusion-box{ color: var(--awb-color1);}.fusion-accordian  #accordian-1 .panel-title a{font-size:20px;font-family:var(--awb-typography1-font-family);font-weight:var(--awb-typography1-font-weight);font-style:var(--awb-typography1-font-style);}.fusion-accordian  #accordian-1 .panel-title a:not(:hover){}.fusion-accordian  #accordian-1 .toggle-content{font-size:18px;font-family:var(--awb-typography4-font-family);font-weight:var(--awb-typography4-font-weight);font-style:var(--awb-typography4-font-style);}.fusion-accordian #accordian-1 .fa-fusion-box { background-color: var(--awb-color7) !important;border-color: var(--awb-color7) !important;}.fusion-accordian #accordian-1 .panel-title a:hover,.fusion-accordian #accordian-1 .panel-title a.hover { color: var(--awb-color4);}.fusion-faq-shortcode .fusion-accordian #accordian-1 .fusion-toggle-boxed-mode:hover .panel-title a { color: var(--awb-color4);}.fusion-accordian #accordian-1 .panel-title .active .fa-fusion-box,.fusion-accordian #accordian-1 .panel-title a:hover .fa-fusion-box,.fusion-accordian #accordian-1 .panel-title a.hover .fa-fusion-box { background-color: var(--awb-color4)!important;border-color: var(--awb-color4)!important;}<\/style><div class=\"fusion-faq-shortcode\" style=\"\"><div class=\"fusion-faqs-wrapper\"><div class=\"accordian fusion-accordian\"><div class=\"panel-group \" id=\"accordian-1\"><div class=\"fusion-panel fusion-toggle-no-divider fusion-toggle-boxed-mode panel-default fusion-faq-post fusion-faq-post-383 gradnja-bazena \"><span class=\"entry-title rich-snippet-hidden\">\u0160to trebam znati pri izradi bazena?<\/span><span class=\"vcard rich-snippet-hidden\"><span class=\"fn\"><a href=\"https:\/\/u-izradi.com\/aquadesign\/author\/filip\/\" title=\"Objave od: Filip\" rel=\"author\">Filip<\/a><\/span><\/span><span class=\"updated rich-snippet-hidden\">2026-01-23T08:10:18+00:00<\/span><div class=\"panel-heading\"><h4 id=\"faq_1-383\" class=\"panel-title toggle\"><a data-toggle=\"collapse\" class=\"collapsed\" data-parent=\"#accordian-1\" data-target=\"#collapse-1-383\" href=\"#collapse-1-383\" aria-expanded=\"false\"><div class=\"fusion-toggle-icon-wrapper\"><div class=\"fusion-toggle-icon-wrapper-main\"><div class=\"fusion-toggle-icon-wrapper-sub\"><i class=\"fa-fusion-box active-icon awb-icon-minus\" aria-hidden=\"true\"><\/i><i class=\"fa-fusion-box inactive-icon awb-icon-plus\" aria-hidden=\"true\"><\/i><\/div><\/div><\/div><div class=\"fusion-toggle-heading\">\u0160to trebam znati pri izradi bazena?<\/div><\/a><\/h4><\/div><div id=\"collapse-1-383\" aria-labelledby=\"faq_1-383\" class=\"panel-collapse collapse\"><div class=\"panel-body toggle-content post-content\"><p>Projektiranje i izrada bazena je vrlo zahtjevan i slojevit posao. Odvija se u dvije faze kroz koje se savjetujete s projektatntom, izvo\u0111a\u010dima iskopa i nama kao izvo\u0111a\u010dima i koordinatorima bazenskih elemenata od cjevovoda do strojarnice. Savjetovanje kroz sve korake je obavezno neke od pogre\u0161aka je vrlo te\u0161ko ispraviti nakon \u0161to je bazen zavr\u0161en, te \u0107e dugoro\u010dno odr\u017eavanje biti ote\u017eano. Svakako nam se obratite za detaljne informacije prije upu\u0161tanja u projekt izrade bazena.<\/p>\n<\/div><\/div><\/div><div class=\"fusion-panel fusion-toggle-no-divider fusion-toggle-boxed-mode panel-default fusion-faq-post fusion-faq-post-388 gradnja-bazena \"><span class=\"entry-title rich-snippet-hidden\">Koja je uloga strojarnice bazena i za\u0161to je toliko va\u017ena?<\/span><span class=\"vcard rich-snippet-hidden\"><span class=\"fn\"><a href=\"https:\/\/u-izradi.com\/aquadesign\/author\/filip\/\" title=\"Objave od: Filip\" rel=\"author\">Filip<\/a><\/span><\/span><span class=\"updated rich-snippet-hidden\">2026-01-26T13:27:38+00:00<\/span><div class=\"panel-heading\"><h4 id=\"faq_1-388\" class=\"panel-title toggle\"><a data-toggle=\"collapse\" class=\"collapsed\" data-parent=\"#accordian-1\" data-target=\"#collapse-1-388\" href=\"#collapse-1-388\" aria-expanded=\"false\"><div class=\"fusion-toggle-icon-wrapper\"><div class=\"fusion-toggle-icon-wrapper-main\"><div class=\"fusion-toggle-icon-wrapper-sub\"><i class=\"fa-fusion-box active-icon awb-icon-minus\" aria-hidden=\"true\"><\/i><i class=\"fa-fusion-box inactive-icon awb-icon-plus\" aria-hidden=\"true\"><\/i><\/div><\/div><\/div><div class=\"fusion-toggle-heading\">Koja je uloga strojarnice bazena i za\u0161to je toliko va\u017ena?<\/div><\/a><\/h4><\/div><div id=\"collapse-1-388\" aria-labelledby=\"faq_1-388\" class=\"panel-collapse collapse\"><div class=\"panel-body toggle-content post-content\"><p>Strojarnica je srce svakog bazena jer upravlja cirkulacijom, filtracijom i kvalitetom vode. Ispravno dimenzionirana oprema osigurava stabilan rad sustava, manju potro\u0161nju energije i manje potrebe za intervencijama tijekom sezone. Lo\u0161e planirana strojarnica \u010desto dovodi do problema koji se kasnije te\u0161ko i skupo rje\u0161avaju.<\/p>\n<\/div><\/div><\/div><div class=\"fusion-panel fusion-toggle-no-divider fusion-toggle-boxed-mode panel-default fusion-faq-post fusion-faq-post-390 gradnja-bazena \"><span class=\"entry-title rich-snippet-hidden\">Kako se bira bazenska oprema i je li sva oprema univerzalna?<\/span><span class=\"vcard rich-snippet-hidden\"><span class=\"fn\"><a href=\"https:\/\/u-izradi.com\/aquadesign\/author\/filip\/\" title=\"Objave od: Filip\" rel=\"author\">Filip<\/a><\/span><\/span><span class=\"updated rich-snippet-hidden\">2026-01-23T08:14:53+00:00<\/span><div class=\"panel-heading\"><h4 id=\"faq_1-390\" class=\"panel-title toggle\"><a data-toggle=\"collapse\" class=\"collapsed\" data-parent=\"#accordian-1\" data-target=\"#collapse-1-390\" href=\"#collapse-1-390\" aria-expanded=\"false\"><div class=\"fusion-toggle-icon-wrapper\"><div class=\"fusion-toggle-icon-wrapper-main\"><div class=\"fusion-toggle-icon-wrapper-sub\"><i class=\"fa-fusion-box active-icon awb-icon-minus\" aria-hidden=\"true\"><\/i><i class=\"fa-fusion-box inactive-icon awb-icon-plus\" aria-hidden=\"true\"><\/i><\/div><\/div><\/div><div class=\"fusion-toggle-heading\">Kako se bira bazenska oprema i je li sva oprema univerzalna?<\/div><\/a><\/h4><\/div><div id=\"collapse-1-390\" aria-labelledby=\"faq_1-390\" class=\"panel-collapse collapse\"><div class=\"panel-body toggle-content post-content\"><p>Bazenska oprema ne bira se nasumi\u010dno niti \u201cpo katalogu\u201d. Cirkulacijske pumpe, filteri, ventili i dodatni sustavi moraju biti prilago\u0111eni zapremnini bazena, na\u010dinu kori\u0161tenja i \u017eeljenom stupnju automatizacije. Pravilnim odabirom opreme osigurava se ujedna\u010dena kvaliteta vode i dugoro\u010dna pouzdanost cijelog sustava.<\/p>\n<\/div><\/div><\/div><div class=\"fusion-panel fusion-toggle-no-divider fusion-toggle-boxed-mode panel-default fusion-faq-post fusion-faq-post-392 gradnja-bazena \"><span class=\"entry-title rich-snippet-hidden\">Je li mogu\u0107e naknadno dodati grijanje ili elektrolizu soli?<\/span><span class=\"vcard rich-snippet-hidden\"><span class=\"fn\"><a href=\"https:\/\/u-izradi.com\/aquadesign\/author\/filip\/\" title=\"Objave od: Filip\" rel=\"author\">Filip<\/a><\/span><\/span><span class=\"updated rich-snippet-hidden\">2026-01-26T13:28:50+00:00<\/span><div class=\"panel-heading\"><h4 id=\"faq_1-392\" class=\"panel-title toggle\"><a data-toggle=\"collapse\" class=\"collapsed\" data-parent=\"#accordian-1\" data-target=\"#collapse-1-392\" href=\"#collapse-1-392\" aria-expanded=\"false\"><div class=\"fusion-toggle-icon-wrapper\"><div class=\"fusion-toggle-icon-wrapper-main\"><div class=\"fusion-toggle-icon-wrapper-sub\"><i class=\"fa-fusion-box active-icon awb-icon-minus\" aria-hidden=\"true\"><\/i><i class=\"fa-fusion-box inactive-icon awb-icon-plus\" aria-hidden=\"true\"><\/i><\/div><\/div><\/div><div class=\"fusion-toggle-heading\">Je li mogu\u0107e naknadno dodati grijanje ili elektrolizu soli?<\/div><\/a><\/h4><\/div><div id=\"collapse-1-392\" aria-labelledby=\"faq_1-392\" class=\"panel-collapse collapse\"><div class=\"panel-body toggle-content post-content\"><p>Da mogu\u0107e je naknadno instalirati navedene ure\u0111aje. Svakako bi bilo dobro ve\u0107 u fazi planiranja predvidjeti instalacije za dizalicu topline ili elektrolizu soli. Time se izbjegavaju kasniji zahvati, dodatni tro\u0161kovi i kompromisi u radu sustava.<\/p>\n<\/div><\/div><\/div><\/div><\/div><\/div><\/div><\/div><\/div><\/div><\/div><\/p>\n","protected":false},"excerpt":{"rendered":"","protected":false},"author":1,"featured_media":0,"parent":0,"menu_order":0,"comment_status":"closed","ping_status":"closed","template":"100-width.php","meta":{"footnotes":""},"class_list":["post-14","page","type-page","status-publish","hentry"],"_links":{"self":[{"href":"https:\/\/u-izradi.com\/aquadesign\/wp-json\/wp\/v2\/pages\/14","targetHints":{"allow":["GET"]}}],"collection":[{"href":"https:\/\/u-izradi.com\/aquadesign\/wp-json\/wp\/v2\/pages"}],"about":[{"href":"https:\/\/u-izradi.com\/aquadesign\/wp-json\/wp\/v2\/types\/page"}],"author":[{"embeddable":true,"href":"https:\/\/u-izradi.com\/aquadesign\/wp-json\/wp\/v2\/users\/1"}],"replies":[{"embeddable":true,"href":"https:\/\/u-izradi.com\/aquadesign\/wp-json\/wp\/v2\/comments?post=14"}],"version-history":[{"count":35,"href":"https:\/\/u-izradi.com\/aquadesign\/wp-json\/wp\/v2\/pages\/14\/revisions"}],"predecessor-version":[{"id":395,"href":"https:\/\/u-izradi.com\/aquadesign\/wp-json\/wp\/v2\/pages\/14\/revisions\/395"}],"wp:attachment":[{"href":"https:\/\/u-izradi.com\/aquadesign\/wp-json\/wp\/v2\/media?parent=14"}],"curies":[{"name":"wp","href":"https:\/\/api.w.org\/{rel}","templated":true}]}}