{"id":10,"date":"2025-12-27T11:43:09","date_gmt":"2025-12-27T11:43:09","guid":{"rendered":"https:\/\/u-izradi.com\/aquadesign\/?page_id=10"},"modified":"2026-01-22T16:06:45","modified_gmt":"2026-01-22T16:06:45","slug":"o-nama","status":"publish","type":"page","link":"https:\/\/u-izradi.com\/aquadesign\/o-nama\/","title":{"rendered":"O nama"},"content":{"rendered":"<p><div class=\"fusion-fullwidth fullwidth-box fusion-builder-row-1 fusion-flex-container has-pattern-background has-mask-background fusion-parallax-none nonhundred-percent-fullwidth non-hundred-percent-height-scrolling\" style=\"--awb-border-radius-top-left:0px;--awb-border-radius-top-right:0px;--awb-border-radius-bottom-right:0px;--awb-border-radius-bottom-left:0px;--awb-padding-top:250px;--awb-padding-bottom:150px;--awb-padding-bottom-small:100px;--awb-background-image:linear-gradient(180deg, rgba(54,62,71,0.75) 0%,rgba(33,35,38,0.54) 100%),url(https:\/\/u-izradi.com\/aquadesign\/wp-content\/uploads\/2025\/12\/Velik-Brdo-bazeni-aquadesign-.webp);;--awb-background-size:cover;--awb-flex-wrap:wrap;\" ><div class=\"fusion-builder-row fusion-row fusion-flex-align-items-flex-start fusion-flex-content-wrap\" style=\"max-width:1248px;margin-left: calc(-4% \/ 2 );margin-right: calc(-4% \/ 2 );\"><div class=\"fusion-layout-column fusion_builder_column fusion-builder-column-0 fusion_builder_column_2_3 2_3 fusion-flex-column\" style=\"--awb-bg-size:cover;--awb-width-large:66.666666666667%;--awb-margin-top-large:0px;--awb-spacing-right-large:2.88%;--awb-margin-bottom-large:20px;--awb-spacing-left-large:2.88%;--awb-width-medium:66.666666666667%;--awb-order-medium:0;--awb-spacing-right-medium:2.88%;--awb-spacing-left-medium:2.88%;--awb-width-small:100%;--awb-order-small:0;--awb-spacing-right-small:1.92%;--awb-spacing-left-small:1.92%;\"><div class=\"fusion-column-wrapper fusion-column-has-shadow fusion-flex-justify-content-flex-start fusion-content-layout-column\"><div class=\"fusion-title title fusion-title-1 fusion-sep-none fusion-title-text fusion-title-size-one\" style=\"--awb-text-color:var(--awb-color1);--awb-font-size:46px;\"><h1 class=\"fusion-title-heading title-heading-left\" style=\"font-family:&quot;Instrument Sans&quot;;font-style:normal;font-weight:700;margin:0;font-size:1em;\">O nama<\/h1><\/div><div class=\"fusion-text fusion-text-1\" style=\"--awb-font-size:20px;--awb-text-color:var(--awb-color1);\"><p>Va\u0161 bazen uvijek spreman za kori\u0161tenje i bez zastoja! Od opreme do stru\u010dne podr\u0161ke, pru\u017eamo rje\u0161enja koja svaki bazen \u010dine sigurnim, pouzdanim i jednostavnim za odr\u017eavanje.<\/p>\n<\/div><\/div><\/div><\/div><\/div><div class=\"fusion-fullwidth fullwidth-box fusion-builder-row-2 fusion-flex-container has-pattern-background has-mask-background nonhundred-percent-fullwidth non-hundred-percent-height-scrolling\" style=\"--awb-border-radius-top-left:0px;--awb-border-radius-top-right:0px;--awb-border-radius-bottom-right:0px;--awb-border-radius-bottom-left:0px;--awb-padding-top:40px;--awb-padding-bottom:40px;--awb-background-color:var(--awb-color6);--awb-flex-wrap:wrap;\" ><div class=\"fusion-builder-row fusion-row fusion-flex-align-items-center fusion-flex-content-wrap\" style=\"max-width:1248px;margin-left: calc(-4% \/ 2 );margin-right: calc(-4% \/ 2 );\"><div class=\"fusion-layout-column fusion_builder_column fusion-builder-column-1 fusion_builder_column_1_2 1_2 fusion-flex-column\" style=\"--awb-bg-size:cover;--awb-width-large:50%;--awb-margin-top-large:0px;--awb-spacing-right-large:3.84%;--awb-margin-bottom-large:20px;--awb-spacing-left-large:3.84%;--awb-width-medium:50%;--awb-order-medium:0;--awb-spacing-right-medium:3.84%;--awb-spacing-left-medium:3.84%;--awb-width-small:100%;--awb-order-small:0;--awb-spacing-right-small:1.92%;--awb-spacing-left-small:1.92%;\"><div class=\"fusion-column-wrapper fusion-column-has-shadow fusion-flex-justify-content-flex-start fusion-content-layout-column\"><div class=\"fusion-title title fusion-title-2 fusion-sep-none fusion-title-text fusion-title-size-two\" style=\"--awb-text-color:var(--awb-color5);\"><h2 class=\"fusion-title-heading title-heading-left\" style=\"margin:0;\">Na\u0161a pri\u010da<\/h2><\/div><div class=\"fusion-text fusion-text-2\" style=\"--awb-text-color:var(--awb-color1);\"><p>S po\u010detkom u 2005. godini, tada poznati kao Bazeni Pranji\u0107, krenuli smo u izazovan i odgovoran posao izrade i odr\u017eavanja bazena. Tijekom godina realizirali smo brojne uspje\u0161ne projekte, a iskustvo nas je dovelo do spoznaje da Omi\u0161 i okolicu mo\u017eemo obogatiti mjestom za kompletnu opremu i sredstva za bazene\u00a0 od stru\u010dnih savjeta do proizvoda provjerene kvalitete.<\/p>\n<\/div><\/div><\/div><div class=\"fusion-layout-column fusion_builder_column fusion-builder-column-2 fusion_builder_column_1_2 1_2 fusion-flex-column\" style=\"--awb-bg-size:cover;--awb-width-large:50%;--awb-margin-top-large:0px;--awb-spacing-right-large:3.84%;--awb-margin-bottom-large:20px;--awb-spacing-left-large:3.84%;--awb-width-medium:50%;--awb-order-medium:0;--awb-spacing-right-medium:3.84%;--awb-spacing-left-medium:3.84%;--awb-width-small:100%;--awb-order-small:0;--awb-spacing-right-small:1.92%;--awb-spacing-left-small:1.92%;\"><div class=\"fusion-column-wrapper fusion-column-has-shadow fusion-flex-justify-content-flex-start fusion-content-layout-column\"><div class=\"fusion-image-element \" style=\"--awb-mask-url: url(https:\/\/u-izradi.com\/aquadesign\/wp-content\/plugins\/fusion-builder\/\/assets\/images\/masks\/mask-16.svg);--awb-caption-title-font-family:var(--h2_typography-font-family);--awb-caption-title-font-weight:var(--h2_typography-font-weight);--awb-caption-title-font-style:var(--h2_typography-font-style);--awb-caption-title-size:var(--h2_typography-font-size);--awb-caption-title-transform:var(--h2_typography-text-transform);--awb-caption-title-line-height:var(--h2_typography-line-height);--awb-caption-title-letter-spacing:var(--h2_typography-letter-spacing);\"><span class=\" fusion-imageframe imageframe-none imageframe-1 hover-type-none has-mask\"><img decoding=\"async\" width=\"800\" height=\"800\" alt=\"Bazen s pogledom na more\" title=\"bazen pogledmore\" src=\"https:\/\/u-izradi.com\/aquadesign\/wp-content\/uploads\/2025\/12\/bazen-pogledmore.webp\" class=\"img-responsive wp-image-66\" srcset=\"https:\/\/u-izradi.com\/aquadesign\/wp-content\/uploads\/2025\/12\/bazen-pogledmore-200x200.webp 200w, https:\/\/u-izradi.com\/aquadesign\/wp-content\/uploads\/2025\/12\/bazen-pogledmore-400x400.webp 400w, https:\/\/u-izradi.com\/aquadesign\/wp-content\/uploads\/2025\/12\/bazen-pogledmore-600x600.webp 600w, https:\/\/u-izradi.com\/aquadesign\/wp-content\/uploads\/2025\/12\/bazen-pogledmore.webp 800w\" sizes=\"(max-width: 640px) 100vw, 600px\" \/><\/span><\/div><\/div><\/div><\/div><\/div><div class=\"fusion-fullwidth fullwidth-box fusion-builder-row-3 fusion-flex-container has-pattern-background has-mask-background nonhundred-percent-fullwidth non-hundred-percent-height-scrolling\" style=\"--awb-border-radius-top-left:0px;--awb-border-radius-top-right:0px;--awb-border-radius-bottom-right:0px;--awb-border-radius-bottom-left:0px;--awb-padding-top:50px;--awb-background-image:linear-gradient(180deg, var(--awb-color6) 0%,#24374d 100%);--awb-flex-wrap:wrap;\" ><div class=\"fusion-builder-row fusion-row fusion-flex-align-items-flex-start fusion-flex-content-wrap\" style=\"max-width:1248px;margin-left: calc(-4% \/ 2 );margin-right: calc(-4% \/ 2 );\"><div class=\"fusion-layout-column fusion_builder_column fusion-builder-column-3 fusion_builder_column_1_4 1_4 fusion-flex-column\" style=\"--awb-bg-size:cover;--awb-width-large:25%;--awb-margin-top-large:0px;--awb-spacing-right-large:7.68%;--awb-margin-bottom-large:20px;--awb-spacing-left-large:7.68%;--awb-width-medium:25%;--awb-order-medium:0;--awb-spacing-right-medium:7.68%;--awb-spacing-left-medium:7.68%;--awb-width-small:100%;--awb-order-small:0;--awb-spacing-right-small:1.92%;--awb-spacing-left-small:1.92%;\"><div class=\"fusion-column-wrapper fusion-column-has-shadow fusion-flex-justify-content-flex-start fusion-content-layout-column\"><div class=\"fusion-image-element \" style=\"--awb-caption-title-font-family:var(--h2_typography-font-family);--awb-caption-title-font-weight:var(--h2_typography-font-weight);--awb-caption-title-font-style:var(--h2_typography-font-style);--awb-caption-title-size:var(--h2_typography-font-size);--awb-caption-title-transform:var(--h2_typography-text-transform);--awb-caption-title-line-height:var(--h2_typography-line-height);--awb-caption-title-letter-spacing:var(--h2_typography-letter-spacing);\"><span class=\" fusion-imageframe imageframe-none imageframe-2 hover-type-none\"><img decoding=\"async\" width=\"362\" height=\"362\" title=\"o-nama-01-1\" src=\"https:\/\/u-izradi.com\/aquadesign\/wp-content\/uploads\/2026\/01\/o-nama-01-1.png\" alt class=\"img-responsive wp-image-194\" srcset=\"https:\/\/u-izradi.com\/aquadesign\/wp-content\/uploads\/2026\/01\/o-nama-01-1-200x200.png 200w, https:\/\/u-izradi.com\/aquadesign\/wp-content\/uploads\/2026\/01\/o-nama-01-1.png 362w\" sizes=\"(max-width: 640px) 100vw, 362px\" \/><\/span><\/div><div class=\"fusion-text fusion-text-3\" style=\"--awb-text-color:var(--awb-color1);\"><p style=\"text-align: center;\"><strong>Milan Pranji\u0107<br \/>\n<\/strong> direktor<\/p>\n<\/div><\/div><\/div><div class=\"fusion-layout-column fusion_builder_column fusion-builder-column-4 fusion_builder_column_1_4 1_4 fusion-flex-column\" style=\"--awb-bg-size:cover;--awb-width-large:25%;--awb-margin-top-large:0px;--awb-spacing-right-large:7.68%;--awb-margin-bottom-large:20px;--awb-spacing-left-large:7.68%;--awb-width-medium:25%;--awb-order-medium:0;--awb-spacing-right-medium:7.68%;--awb-spacing-left-medium:7.68%;--awb-width-small:100%;--awb-order-small:0;--awb-spacing-right-small:1.92%;--awb-spacing-left-small:1.92%;\"><div class=\"fusion-column-wrapper fusion-column-has-shadow fusion-flex-justify-content-flex-start fusion-content-layout-column\"><div class=\"fusion-image-element \" style=\"--awb-caption-title-font-family:var(--h2_typography-font-family);--awb-caption-title-font-weight:var(--h2_typography-font-weight);--awb-caption-title-font-style:var(--h2_typography-font-style);--awb-caption-title-size:var(--h2_typography-font-size);--awb-caption-title-transform:var(--h2_typography-text-transform);--awb-caption-title-line-height:var(--h2_typography-line-height);--awb-caption-title-letter-spacing:var(--h2_typography-letter-spacing);\"><span class=\" fusion-imageframe imageframe-none imageframe-3 hover-type-none\"><img decoding=\"async\" width=\"362\" height=\"362\" title=\"o-nama-02-1\" src=\"https:\/\/u-izradi.com\/aquadesign\/wp-content\/uploads\/2026\/01\/o-nama-02-1.png\" alt class=\"img-responsive wp-image-196\" srcset=\"https:\/\/u-izradi.com\/aquadesign\/wp-content\/uploads\/2026\/01\/o-nama-02-1-200x200.png 200w, https:\/\/u-izradi.com\/aquadesign\/wp-content\/uploads\/2026\/01\/o-nama-02-1.png 362w\" sizes=\"(max-width: 640px) 100vw, 362px\" \/><\/span><\/div><div class=\"fusion-text fusion-text-4\" style=\"--awb-text-color:var(--awb-color1);\"><p style=\"text-align: center;\"><strong>Kristina Pranji\u0107<\/strong>.<br \/>\nkemijski tehni\u010dar<\/p>\n<\/div><\/div><\/div><div class=\"fusion-layout-column fusion_builder_column fusion-builder-column-5 fusion_builder_column_1_4 1_4 fusion-flex-column\" style=\"--awb-bg-size:cover;--awb-width-large:25%;--awb-margin-top-large:0px;--awb-spacing-right-large:7.68%;--awb-margin-bottom-large:20px;--awb-spacing-left-large:7.68%;--awb-width-medium:25%;--awb-order-medium:0;--awb-spacing-right-medium:7.68%;--awb-spacing-left-medium:7.68%;--awb-width-small:100%;--awb-order-small:0;--awb-spacing-right-small:1.92%;--awb-spacing-left-small:1.92%;\"><div class=\"fusion-column-wrapper fusion-column-has-shadow fusion-flex-justify-content-flex-start fusion-content-layout-column\"><div class=\"fusion-image-element \" style=\"--awb-caption-title-font-family:var(--h2_typography-font-family);--awb-caption-title-font-weight:var(--h2_typography-font-weight);--awb-caption-title-font-style:var(--h2_typography-font-style);--awb-caption-title-size:var(--h2_typography-font-size);--awb-caption-title-transform:var(--h2_typography-text-transform);--awb-caption-title-line-height:var(--h2_typography-line-height);--awb-caption-title-letter-spacing:var(--h2_typography-letter-spacing);\"><span class=\" fusion-imageframe imageframe-none imageframe-4 hover-type-none\"><img decoding=\"async\" width=\"362\" height=\"362\" title=\"o-nama-04-1\" src=\"https:\/\/u-izradi.com\/aquadesign\/wp-content\/uploads\/2026\/01\/o-nama-04-1.png\" alt class=\"img-responsive wp-image-198\" srcset=\"https:\/\/u-izradi.com\/aquadesign\/wp-content\/uploads\/2026\/01\/o-nama-04-1-200x200.png 200w, https:\/\/u-izradi.com\/aquadesign\/wp-content\/uploads\/2026\/01\/o-nama-04-1.png 362w\" sizes=\"(max-width: 640px) 100vw, 362px\" \/><\/span><\/div><div class=\"fusion-text fusion-text-5\" style=\"--awb-text-color:var(--awb-color1);\"><p style=\"text-align: center;\"><strong>Filip Pranji\u0107<br \/>\n<\/strong>arhitektonski tehni\u010dar<\/p>\n<\/div><\/div><\/div><div class=\"fusion-layout-column fusion_builder_column fusion-builder-column-6 fusion_builder_column_1_4 1_4 fusion-flex-column\" style=\"--awb-bg-size:cover;--awb-width-large:25%;--awb-margin-top-large:0px;--awb-spacing-right-large:7.68%;--awb-margin-bottom-large:20px;--awb-spacing-left-large:7.68%;--awb-width-medium:25%;--awb-order-medium:0;--awb-spacing-right-medium:7.68%;--awb-spacing-left-medium:7.68%;--awb-width-small:100%;--awb-order-small:0;--awb-spacing-right-small:1.92%;--awb-spacing-left-small:1.92%;\"><div class=\"fusion-column-wrapper fusion-column-has-shadow fusion-flex-justify-content-flex-start fusion-content-layout-column\"><div class=\"fusion-image-element \" style=\"--awb-caption-title-font-family:var(--h2_typography-font-family);--awb-caption-title-font-weight:var(--h2_typography-font-weight);--awb-caption-title-font-style:var(--h2_typography-font-style);--awb-caption-title-size:var(--h2_typography-font-size);--awb-caption-title-transform:var(--h2_typography-text-transform);--awb-caption-title-line-height:var(--h2_typography-line-height);--awb-caption-title-letter-spacing:var(--h2_typography-letter-spacing);\"><span class=\" fusion-imageframe imageframe-none imageframe-5 hover-type-none\"><img decoding=\"async\" width=\"362\" height=\"362\" title=\"o-nama-03\" src=\"https:\/\/u-izradi.com\/aquadesign\/wp-content\/uploads\/2026\/01\/o-nama-03.png\" alt class=\"img-responsive wp-image-199\" srcset=\"https:\/\/u-izradi.com\/aquadesign\/wp-content\/uploads\/2026\/01\/o-nama-03-200x200.png 200w, https:\/\/u-izradi.com\/aquadesign\/wp-content\/uploads\/2026\/01\/o-nama-03.png 362w\" sizes=\"(max-width: 640px) 100vw, 362px\" \/><\/span><\/div><div class=\"fusion-text fusion-text-6\" style=\"--awb-text-color:var(--awb-color1);\"><p style=\"text-align: center;\"><strong>Martina Pranji\u0107<\/strong><br \/>\nstudentica | FGAG<\/p>\n<\/div><\/div><\/div><\/div><\/div><div class=\"fusion-fullwidth fullwidth-box fusion-builder-row-4 fusion-flex-container has-pattern-background has-mask-background nonhundred-percent-fullwidth non-hundred-percent-height-scrolling\" style=\"--awb-border-radius-top-left:0px;--awb-border-radius-top-right:0px;--awb-border-radius-bottom-right:0px;--awb-border-radius-bottom-left:0px;--awb-padding-top:50px;--awb-flex-wrap:wrap;\" ><div class=\"fusion-builder-row fusion-row fusion-flex-align-items-flex-start fusion-flex-content-wrap\" style=\"max-width:1248px;margin-left: calc(-4% \/ 2 );margin-right: calc(-4% \/ 2 );\"><div class=\"fusion-layout-column fusion_builder_column fusion-builder-column-7 fusion_builder_column_1_2 1_2 fusion-flex-column\" style=\"--awb-bg-size:cover;--awb-width-large:50%;--awb-margin-top-large:0px;--awb-spacing-right-large:3.84%;--awb-margin-bottom-large:20px;--awb-spacing-left-large:3.84%;--awb-width-medium:50%;--awb-order-medium:0;--awb-spacing-right-medium:3.84%;--awb-spacing-left-medium:3.84%;--awb-width-small:100%;--awb-order-small:0;--awb-spacing-right-small:1.92%;--awb-spacing-left-small:1.92%;\"><div class=\"fusion-column-wrapper fusion-column-has-shadow fusion-flex-justify-content-flex-start fusion-content-layout-column\"><div class=\"fusion-title title fusion-title-3 fusion-sep-none fusion-title-text fusion-title-size-two\" style=\"--awb-text-color:var(--awb-color5);\"><h2 class=\"fusion-title-heading title-heading-left\" style=\"margin:0;\">Na\u0161e usluge<\/h2><\/div><ul style=\"--awb-size:18px;--awb-item-padding-top:30px;--awb-iconcolor:var(--awb-color3);--awb-line-height:30.6px;--awb-icon-width:30.6px;--awb-icon-height:30.6px;--awb-icon-margin:12.6px;--awb-content-margin:43.2px;--awb-circlecolor:var(--awb-color5);--awb-circle-yes-font-size:15.84px;\" class=\"fusion-checklist fusion-checklist-1 type-icons\"><li class=\"fusion-li-item\" style=\"\"><span class=\"icon-wrapper circle-yes\"><i class=\"fusion-li-icon fa-angle-right fas\" aria-hidden=\"true\"><\/i><\/span><div class=\"fusion-li-item-content\">\n<p><strong>Gradnja bazena<\/strong><br \/>\nNudimo kompletna rje\u0161enja i materijale za sve faze gradnje bazena, od osnovne konstrukcije do zavr\u0161nih detalja, s naglaskom na kvalitetu i trajnost. Osiguravamo pouzdanu bazensku tehniku za optimalnu filtraciju i protok vode, uz mogu\u0107nost grijanja i elektrolize soli, kao i \u0161irok izbor staklenih mozaika koji bazenu daju prepoznatljiv i atraktivan izgled.<\/p>\n<\/div><\/li><li class=\"fusion-li-item\" style=\"\"><span class=\"icon-wrapper circle-yes\"><i class=\"fusion-li-icon fa-angle-right fas\" aria-hidden=\"true\"><\/i><\/span><div class=\"fusion-li-item-content\">\n<p><strong>Odr\u017eavanje bazena<\/strong><br \/>\nPru\u017eamo redovito odr\u017eavanje bazenske vode, \u010di\u0161\u0107enje bazenskih povr\u0161ina i servis strojarnice, kako bi bazen tijekom cijele sezone radio sigurno, pouzdano i bez zastoja.<\/p>\n<\/div><\/li><\/ul><\/div><\/div><div class=\"fusion-layout-column fusion_builder_column fusion-builder-column-8 fusion_builder_column_1_2 1_2 fusion-flex-column\" style=\"--awb-bg-size:cover;--awb-width-large:50%;--awb-margin-top-large:0px;--awb-spacing-right-large:3.84%;--awb-margin-bottom-large:20px;--awb-spacing-left-large:3.84%;--awb-width-medium:50%;--awb-order-medium:0;--awb-spacing-right-medium:3.84%;--awb-spacing-left-medium:3.84%;--awb-width-small:100%;--awb-order-small:0;--awb-spacing-right-small:1.92%;--awb-spacing-left-small:1.92%;\"><div class=\"fusion-column-wrapper fusion-column-has-shadow fusion-flex-justify-content-flex-start fusion-content-layout-column\"><div class=\"fusion-image-element \" style=\"--awb-mask-url: url(https:\/\/u-izradi.com\/aquadesign\/wp-content\/plugins\/fusion-builder\/\/assets\/images\/masks\/mask-16.svg);--awb-caption-title-font-family:var(--h2_typography-font-family);--awb-caption-title-font-weight:var(--h2_typography-font-weight);--awb-caption-title-font-style:var(--h2_typography-font-style);--awb-caption-title-size:var(--h2_typography-font-size);--awb-caption-title-transform:var(--h2_typography-text-transform);--awb-caption-title-line-height:var(--h2_typography-line-height);--awb-caption-title-letter-spacing:var(--h2_typography-letter-spacing);\"><span class=\" fusion-imageframe imageframe-none imageframe-6 hover-type-none has-mask\"><img decoding=\"async\" width=\"550\" height=\"638\" alt=\"gradnja bazena\" title=\"gradnja bazena\" src=\"https:\/\/u-izradi.com\/aquadesign\/wp-content\/uploads\/2026\/01\/gradnja-bazena.webp\" class=\"img-responsive wp-image-214\" srcset=\"https:\/\/u-izradi.com\/aquadesign\/wp-content\/uploads\/2026\/01\/gradnja-bazena-200x232.webp 200w, https:\/\/u-izradi.com\/aquadesign\/wp-content\/uploads\/2026\/01\/gradnja-bazena-400x464.webp 400w, https:\/\/u-izradi.com\/aquadesign\/wp-content\/uploads\/2026\/01\/gradnja-bazena.webp 550w\" sizes=\"(max-width: 640px) 100vw, 550px\" \/><\/span><\/div><\/div><\/div><\/div><\/div><\/p>\n","protected":false},"excerpt":{"rendered":"","protected":false},"author":1,"featured_media":0,"parent":0,"menu_order":0,"comment_status":"closed","ping_status":"closed","template":"100-width.php","meta":{"footnotes":""},"class_list":["post-10","page","type-page","status-publish","hentry"],"_links":{"self":[{"href":"https:\/\/u-izradi.com\/aquadesign\/wp-json\/wp\/v2\/pages\/10","targetHints":{"allow":["GET"]}}],"collection":[{"href":"https:\/\/u-izradi.com\/aquadesign\/wp-json\/wp\/v2\/pages"}],"about":[{"href":"https:\/\/u-izradi.com\/aquadesign\/wp-json\/wp\/v2\/types\/page"}],"author":[{"embeddable":true,"href":"https:\/\/u-izradi.com\/aquadesign\/wp-json\/wp\/v2\/users\/1"}],"replies":[{"embeddable":true,"href":"https:\/\/u-izradi.com\/aquadesign\/wp-json\/wp\/v2\/comments?post=10"}],"version-history":[{"count":35,"href":"https:\/\/u-izradi.com\/aquadesign\/wp-json\/wp\/v2\/pages\/10\/revisions"}],"predecessor-version":[{"id":274,"href":"https:\/\/u-izradi.com\/aquadesign\/wp-json\/wp\/v2\/pages\/10\/revisions\/274"}],"wp:attachment":[{"href":"https:\/\/u-izradi.com\/aquadesign\/wp-json\/wp\/v2\/media?parent=10"}],"curies":[{"name":"wp","href":"https:\/\/api.w.org\/{rel}","templated":true}]}}